{"id":338970,"date":"2024-02-23T10:41:21","date_gmt":"2024-02-23T16:41:21","guid":{"rendered":"https:\/\/localhost\/?page_id=338970"},"modified":"2025-07-21T12:58:07","modified_gmt":"2025-07-21T18:58:07","slug":"terms-and-conditions","status":"publish","type":"page","link":"https:\/\/slspanama.com\/es\/terms-and-conditions\/","title":{"rendered":"T\u00e9rminos y Condiciones"},"content":{"rendered":"<div data-elementor-type=\"wp-page\" data-elementor-id=\"338970\" class=\"elementor elementor-338970\" data-elementor-post-type=\"page\">\n\t\t\t\t<section class=\"elementor-element elementor-element-2b8cce83 e-flex e-con-boxed e-con e-parent\" data-id=\"2b8cce83\" data-element_type=\"container\" data-e-type=\"container\" data-settings=\"{&quot;background_background&quot;:&quot;classic&quot;}\">\n\t\t\t\t\t<div class=\"e-con-inner\">\n\t\t\t\t<div class=\"elementor-element elementor-element-5d2fe719 elementor-invisible elementor-widget elementor-widget-heading\" data-id=\"5d2fe719\" data-element_type=\"widget\" data-e-type=\"widget\" data-settings=\"{&quot;_animation&quot;:&quot;fadeIn&quot;}\" data-widget_type=\"heading.default\">\n\t\t\t\t<div class=\"elementor-widget-container\">\n\t\t\t\t\t<h2 class=\"elementor-heading-title elementor-size-default\">T\u00e9rminos y Condiciones<\/h2>\t\t\t\t<\/div>\n\t\t\t\t<\/div>\n\t\t\t\t\t<\/div>\n\t\t\t\t<\/section>\n\t\t<div class=\"elementor-element elementor-element-416921d5 e-flex e-con-boxed e-con e-parent\" data-id=\"416921d5\" data-element_type=\"container\" data-e-type=\"container\" data-settings=\"{&quot;background_background&quot;:&quot;classic&quot;}\">\n\t\t\t\t\t<div class=\"e-con-inner\">\n\t\t<div class=\"elementor-element elementor-element-30aca604 e-flex e-con-boxed e-con e-child\" data-id=\"30aca604\" data-element_type=\"container\" data-e-type=\"container\">\n\t\t\t\t\t<div class=\"e-con-inner\">\n\t\t\t\t<div class=\"elementor-element elementor-element-4df555fd elementor-invisible elementor-widget elementor-widget-text-editor\" data-id=\"4df555fd\" data-element_type=\"widget\" data-e-type=\"widget\" data-settings=\"{&quot;_animation&quot;:&quot;fadeIn&quot;}\" data-widget_type=\"text-editor.default\">\n\t\t\t\t<div class=\"elementor-widget-container\">\n\t\t\t\t\t\t\t\t\t<h4 data-start=\"257\" data-end=\"284\">T\u00e9rminos y Condiciones<\/h4><p data-start=\"285\" data-end=\"316\"><strong data-start=\"285\" data-end=\"316\">\u00daltima actualizaci\u00f3n: 25 de junio de 2024<\/strong><\/p><p data-start=\"318\" data-end=\"552\">Este sitio web pertenece a SLS Panam\u00e1 (Servicios Log\u00edsticos y Soluciones de Panam\u00e1 S.A.) (en adelante, \u201cLA EMPRESA\u201d). El acceso y uso de este sitio est\u00e1n sujetos a la aceptaci\u00f3n y cumplimiento de los siguientes t\u00e9rminos y condiciones: <strong data-start=\"342\" data-end=\"407\">SLS Panam\u00e1 (Servicios Log\u00edsticos y Soluciones de Panam\u00e1 S.A.)<\/strong> (hereinafter \u201cTHE COMPANY\u201d). Access to and use of this site is subject to the acceptance and compliance with the following terms and conditions:<\/p><h4 data-start=\"559\" data-end=\"578\">Responsabilidad<\/h4><p data-start=\"580\" data-end=\"929\">LA EMPRESA se reserva el derecho de modificar unilateralmente, sin previo aviso ni comunicaci\u00f3n al USUARIO y\/o VISITANTE, estos T\u00e9rminos y Condiciones, el dise\u00f1o, la estructura o configuraci\u00f3n del sitio web, los servicios ofrecidos, y cualquier requisito de registro o uso. Tales cambios no otorgan al USUARIO y\/o VISITANTE derecho a ning\u00fan reclamo o compensaci\u00f3n.<\/p><p data-start=\"931\" data-end=\"1105\">El uso de los servicios digitales y herramientas disponibles en este sitio implica la aceptaci\u00f3n de t\u00e9rminos y condiciones adicionales, siempre que no contradigan los aqu\u00ed expuestos.<\/p><p data-start=\"1107\" data-end=\"1346\">LA EMPRESA no se responsabiliza por la disponibilidad, exactitud, legalidad, contenido, actualizaciones, privacidad o transacciones realizadas en sitios de terceros enlazados desde este sitio web. Los usuarios acceden a dichos sitios externos bajo su propio criterio y riesgo.<\/p><p data-start=\"1348\" data-end=\"1659\">El USUARIO y\/o VISITANTE no podr\u00e1 eliminar, alterar, a\u00f1adir o modificar ninguna parte del contenido del sitio web, ni utilizar lenguaje ofensivo, difamatorio, amenazante o contrario a la buena conducta. No podr\u00e1n transmitir materiales que infrinjan derechos de terceros o que contengan virus u otros componentes da\u00f1inos.<\/p><p data-start=\"1661\" data-end=\"1908\">LA EMPRESA se reserva el derecho de editar o eliminar cualquier mensaje o material enviado por USUARIOS y\/o VISITANTES. Al hacerlo, los USUARIOS otorgan a LA EMPRESA permiso para utilizar dicho contenido con fines estad\u00edsticos o de mejora del servicio, sin compensaci\u00f3n.<\/p><p data-start=\"1910\" data-end=\"2103\">Los usuarios se comprometen a utilizar este sitio de forma diligente, legal y respetuosa. Ser\u00e1n responsables por cualquier da\u00f1o, directo o indirecto, causado a LA EMPRESA como consecuencia del incumplimiento de estos t\u00e9rminos.<\/p><p data-start=\"2105\" data-end=\"2230\">LA EMPRESA podr\u00e1 suspender o deshabilitar permanentemente el sitio web en cualquier momento, sin previo aviso y sin asumir responsabilidad alguna.<\/p><p data-start=\"2232\" data-end=\"2310\">Los usuarios reconocen y aceptan que el uso de este sitio es bajo su propio riesgo.<\/p><p data-start=\"2312\" data-end=\"2538\">Ni LA EMPRESA, ni sus directores, empleados o representantes ser\u00e1n responsables por da\u00f1os derivados del uso de este sitio web, incluidos errores, omisiones, interrupciones del servicio, virus o retrasos en la transmisi\u00f3n.<\/p><p data-start=\"2540\" data-end=\"2596\">Este sitio web es de libre acceso para USUARIOS y VISITANTES.<\/p><h4 data-start=\"2603\" data-end=\"2634\">Precios y M\u00e9todos de Pago<\/h4><p data-start=\"2636\" data-end=\"2680\">Todos nuestros servicios est\u00e1n listados en d\u00f3lares estadounidenses (USD).<\/p><h4 data-start=\"2687\" data-end=\"2710\">Precios y Facturaci\u00f3n<\/h4><p data-start=\"2712\" data-end=\"2857\">A los clientes se les cobrar\u00e1 seg\u00fan los precios indicados en las p\u00e1ginas de servicios del sitio web. Estos precios incluyen el impuesto al valor agregado (IVA) si corresponde (16%).<\/p><p data-start=\"2859\" data-end=\"3188\">Adem\u00e1s de los precios indicados, los clientes son responsables de pagar cualquier impuesto aplicable, incluidos IVA, consumo, uso, aranceles aduaneros y cualquier otra tasa impuesta por leyes municipales, nacionales o internacionales. Si LA EMPRESA debe pagar alguno de estos impuestos, el cliente deber\u00e1 reembolsarlos previa solicitud.<\/p><p data-start=\"3190\" data-end=\"3327\">Cuando sea legalmente requerido, los clientes aceptan proporcionar los formularios fiscales debidamente completados para que LA EMPRESA cumpla con sus obligaciones de reporte.<\/p><h4 data-start=\"3334\" data-end=\"3352\">Cambios de Precios<\/h4><p data-start=\"3354\" data-end=\"3467\">Podemos cambiar los precios o agregar nuevos cargos a nuestra entera discreci\u00f3n, con un aviso escrito de treinta (30) d\u00edas al USUARIO.<\/p><p data-start=\"3469\" data-end=\"3542\">Sin embargo, los precios pueden aumentar de forma inmediata con una notificaci\u00f3n simult\u00e1nea.<\/p><h4 data-start=\"3549\" data-end=\"3561\">Pago<\/h4><p data-start=\"3563\" data-end=\"3667\">Las tarifas por servicios deben pagarse por adelantado mediante tarjeta de cr\u00e9dito o por otros m\u00e9todos aceptados que se muestren en el sitio web.<\/p><h4 data-start=\"3674\" data-end=\"3692\">T\u00e9rminos de Pago<\/h4><p data-start=\"3694\" data-end=\"3785\">Para brindar cualquier servicio, el 100% del monto total, incluidos los impuestos, debe pagarse por adelantado.<\/p><h4 data-start=\"3792\" data-end=\"3821\">M\u00e9todos de Pago Aceptados<\/h4><p data-start=\"3823\" data-end=\"3879\">Los pagos pueden realizarse con tarjetas de cr\u00e9dito o d\u00e9bito aceptadas.<\/p><p data-start=\"3881\" data-end=\"4048\">No nos responsabilizamos por retrasos en el servicio causados por fuerza mayor o eventos imprevistos. Bajo ninguna circunstancia SLS Panam\u00e1 pagar\u00e1 penalidades por demoras en la prestaci\u00f3n del servicio. <strong data-start=\"3991\" data-end=\"4005\">SLS Panam\u00e1<\/strong> pay penalties for service delivery delays.<\/p><h4 data-start=\"4055\" data-end=\"4072\">Sitios Vinculados<\/h4><p data-start=\"4074\" data-end=\"4217\">Este sitio web proporciona herramientas t\u00e9cnicas de vinculaci\u00f3n (como enlaces, banners y botones) que permiten el acceso a sitios web de terceros (\"SITIOS VINCULADOS\").<\/p><p data-start=\"4219\" data-end=\"4380\">Estos enlaces se ofrecen para la conveniencia del usuario y no implican afiliaci\u00f3n, respaldo ni relaci\u00f3n entre SLS Panam\u00e1 y los operadores de terceros. <strong data-start=\"4335\" data-end=\"4349\">SLS Panam\u00e1<\/strong> and the third-party operators.<\/p><p data-start=\"4382\" data-end=\"4577\">LA EMPRESA no controla ni se hace responsable del contenido, servicios, datos o productos disponibles en los SITIOS VINCULADOS. Los USUARIOS deben actuar con precauci\u00f3n al evaluar y utilizar estos recursos.<\/p><p data-start=\"4579\" data-end=\"4623\">No garantizamos ni asumimos responsabilidad por:<\/p><ul data-start=\"4625\" data-end=\"4836\"><li data-start=\"4625\" data-end=\"4688\"><p data-start=\"4627\" data-end=\"4688\">El funcionamiento, disponibilidad o continuidad de los sitios vinculados.<\/p><\/li><li data-start=\"4689\" data-end=\"4767\"><p data-start=\"4691\" data-end=\"4767\">La exactitud o mantenimiento del contenido, servicios o datos en los sitios vinculados.<\/p><\/li><li data-start=\"4768\" data-end=\"4836\"><p data-start=\"4770\" data-end=\"4836\">El cumplimiento de obligaciones u ofertas realizadas por los sitios vinculados.<\/p><\/li><\/ul><h4 data-start=\"4843\" data-end=\"4855\">Calidad<\/h4><p data-start=\"4857\" data-end=\"5054\">Al usar este sitio web, los USUARIOS reconocen y aceptan que SLS Panam\u00e1 no controla ni garantiza la ausencia de virus o componentes da\u00f1inos en los sitios vinculados, ni la integridad de sus archivos. <strong data-start=\"4914\" data-end=\"4928\">SLS Panam\u00e1<\/strong> does not control or guarantee the absence of viruses or harmful components on linked sites, nor the integrity of their files.<\/p><h4 data-start=\"5061\" data-end=\"5087\">Propiedad Intelectual<\/h4><p data-start=\"5089\" data-end=\"5232\">Los USUARIOS reconocen que SLS Panam\u00e1 no se hace responsable del uso no autorizado de marcas registradas o propiedad intelectual de terceros en los sitios vinculados. <strong data-start=\"5112\" data-end=\"5126\">SLS Panam\u00e1<\/strong> is not liable for unauthorized use of third-party trademarks or intellectual property on linked websites.<\/p><p data-start=\"5234\" data-end=\"5447\">Cualquier referencia en este sitio a productos, servicios o sitios web de terceros no constituye un respaldo ni recomendaci\u00f3n. SLS Panam\u00e1 no reclama propiedad ni asume responsabilidad por dicho contenido. <strong data-start=\"5365\" data-end=\"5379\">SLS Panam\u00e1<\/strong> does not claim ownership or assume responsibility for such content.<\/p><p data-start=\"5454\" data-end=\"5657\">\u00a92025 Todos los derechos reservados \u2014 <em data-start=\"5482\" data-end=\"5532\">Servicios Log\u00edsticos y Soluciones de Panam\u00e1 S.A.<\/em><br data-start=\"5532\" data-end=\"5535\" \/><strong data-start=\"5535\" data-end=\"5594\">SLSPSP, PDC, Piso 13, Obarrio, 56 S, Ciudad de Panam\u00e1, PA<\/strong><br data-start=\"5594\" data-end=\"5597\" \/><strong data-start=\"5597\" data-end=\"5607\">Tel\u00e9fono:<\/strong> +507 8 317 592<br data-start=\"5622\" data-end=\"5625\" \/><strong data-start=\"5625\" data-end=\"5635\">Email:<\/strong> <a class=\"cursor-pointer\" rel=\"noopener\" data-start=\"5636\" data-end=\"5657\">corporate@slsmain.com<\/a><\/p>\t\t\t\t\t\t\t\t<\/div>\n\t\t\t\t<\/div>\n\t\t\t\t\t<\/div>\n\t\t\t\t<\/div>\n\t\t\t\t\t<\/div>\n\t\t\t\t<\/div>\n\t\t\t\t<\/div>","protected":false},"excerpt":{"rendered":"<p>Terms and Conditions Terms and Conditions Last updated: June 25, 2024 This website belongs to SLS Panam\u00e1 (Servicios Log\u00edsticos y Soluciones de Panam\u00e1 S.A.) (hereinafter \u201cTHE COMPANY\u201d). Access to and use of this site is subject to the acceptance and compliance with the following terms and conditions: Responsibility THE COMPANY reserves the right to unilaterally [&hellip;]<\/p>\n","protected":false},"author":1,"featured_media":0,"parent":0,"menu_order":0,"comment_status":"closed","ping_status":"closed","template":"","meta":{"footnotes":""},"class_list":["post-338970","page","type-page","status-publish","hentry"],"_links":{"self":[{"href":"https:\/\/slspanama.com\/es\/wp-json\/wp\/v2\/pages\/338970","targetHints":{"allow":["GET"]}}],"collection":[{"href":"https:\/\/slspanama.com\/es\/wp-json\/wp\/v2\/pages"}],"about":[{"href":"https:\/\/slspanama.com\/es\/wp-json\/wp\/v2\/types\/page"}],"author":[{"embeddable":true,"href":"https:\/\/slspanama.com\/es\/wp-json\/wp\/v2\/users\/1"}],"replies":[{"embeddable":true,"href":"https:\/\/slspanama.com\/es\/wp-json\/wp\/v2\/comments?post=338970"}],"version-history":[{"count":33,"href":"https:\/\/slspanama.com\/es\/wp-json\/wp\/v2\/pages\/338970\/revisions"}],"predecessor-version":[{"id":341311,"href":"https:\/\/slspanama.com\/es\/wp-json\/wp\/v2\/pages\/338970\/revisions\/341311"}],"wp:attachment":[{"href":"https:\/\/slspanama.com\/es\/wp-json\/wp\/v2\/media?parent=338970"}],"curies":[{"name":"wp","href":"https:\/\/api.w.org\/{rel}","templated":true}]}}