{"id":339012,"date":"2024-03-14T11:41:04","date_gmt":"2024-03-14T17:41:04","guid":{"rendered":"https:\/\/localhost\/?page_id=339012"},"modified":"2025-07-21T12:55:53","modified_gmt":"2025-07-21T18:55:53","slug":"about-us","status":"publish","type":"page","link":"https:\/\/slspanama.com\/es\/about-us\/","title":{"rendered":"Sobre Nosotros"},"content":{"rendered":"<div data-elementor-type=\"wp-page\" data-elementor-id=\"339012\" class=\"elementor elementor-339012\" data-elementor-post-type=\"page\">\n\t\t\t\t\t\t<section class=\"elementor-section elementor-top-section elementor-element elementor-element-38cab4dc elementor-section-boxed elementor-section-height-default elementor-section-height-default\" data-id=\"38cab4dc\" data-element_type=\"section\" data-e-type=\"section\" data-settings=\"{&quot;background_background&quot;:&quot;classic&quot;}\">\n\t\t\t\t\t\t\t<div class=\"elementor-background-overlay\"><\/div>\n\t\t\t\t\t\t\t<div class=\"elementor-container elementor-column-gap-default\">\n\t\t\t\t\t<div class=\"elementor-column elementor-col-100 elementor-top-column elementor-element elementor-element-5569d65a\" data-id=\"5569d65a\" data-element_type=\"column\" data-e-type=\"column\">\n\t\t\t<div class=\"elementor-widget-wrap elementor-element-populated\">\n\t\t\t\t\t\t<div class=\"elementor-element elementor-element-1581ae62 elementor-invisible elementor-widget elementor-widget-heading\" data-id=\"1581ae62\" data-element_type=\"widget\" data-e-type=\"widget\" data-settings=\"{&quot;_animation&quot;:&quot;fadeIn&quot;}\" data-widget_type=\"heading.default\">\n\t\t\t\t<div class=\"elementor-widget-container\">\n\t\t\t\t\t<h2 class=\"elementor-heading-title elementor-size-default\">Conectividad Global<\/h2>\t\t\t\t<\/div>\n\t\t\t\t<\/div>\n\t\t\t\t\t<\/div>\n\t\t<\/div>\n\t\t\t\t\t<\/div>\n\t\t<\/section>\n\t\t\t\t<section class=\"elementor-section elementor-top-section elementor-element elementor-element-6ad5e9b8 elementor-section-boxed elementor-section-height-default elementor-section-height-default\" data-id=\"6ad5e9b8\" data-element_type=\"section\" data-e-type=\"section\" data-settings=\"{&quot;background_background&quot;:&quot;classic&quot;}\">\n\t\t\t\t\t\t\t<div class=\"elementor-background-overlay\"><\/div>\n\t\t\t\t\t\t\t<div class=\"elementor-container elementor-column-gap-default\">\n\t\t\t\t\t<div class=\"elementor-column elementor-col-50 elementor-top-column elementor-element elementor-element-34e07108\" data-id=\"34e07108\" data-element_type=\"column\" data-e-type=\"column\">\n\t\t\t<div class=\"elementor-widget-wrap elementor-element-populated\">\n\t\t\t\t\t\t<div class=\"elementor-element elementor-element-71d62669 elementor-invisible elementor-widget elementor-widget-text-editor\" data-id=\"71d62669\" data-element_type=\"widget\" data-e-type=\"widget\" data-settings=\"{&quot;_animation&quot;:&quot;fadeIn&quot;}\" data-widget_type=\"text-editor.default\">\n\t\t\t\t<div class=\"elementor-widget-container\">\n\t\t\t\t\t\t\t\t\t<p>La Historia de SLS<\/p>\t\t\t\t\t\t\t\t<\/div>\n\t\t\t\t<\/div>\n\t\t\t\t<div class=\"elementor-element elementor-element-23d0926 elementor-widget-divider--view-line elementor-invisible elementor-widget elementor-widget-divider\" data-id=\"23d0926\" data-element_type=\"widget\" data-e-type=\"widget\" data-settings=\"{&quot;_animation&quot;:&quot;slideInLeft&quot;}\" data-widget_type=\"divider.default\">\n\t\t\t\t<div class=\"elementor-widget-container\">\n\t\t\t\t\t\t\t<div class=\"elementor-divider\">\n\t\t\t<span class=\"elementor-divider-separator\">\n\t\t\t\t\t\t<\/span>\n\t\t<\/div>\n\t\t\t\t\t\t<\/div>\n\t\t\t\t<\/div>\n\t\t\t\t<div class=\"elementor-element elementor-element-4ec9ff85 elementor-invisible elementor-widget elementor-widget-text-editor\" data-id=\"4ec9ff85\" data-element_type=\"widget\" data-e-type=\"widget\" data-settings=\"{&quot;_animation&quot;:&quot;fadeIn&quot;}\" data-widget_type=\"text-editor.default\">\n\t\t\t\t<div class=\"elementor-widget-container\">\n\t\t\t\t\t\t\t\t\t<p class=\"minerva text-white text-lg mt-10 normal-case\">Un trabajador indocumentado, desde un apartamento tipo estudio en Hollywood, California, comenz\u00f3 en 2003 un peque\u00f1o negocio de comercio electr\u00f3nico con modalidad de dropshipping.<\/p><p class=\"minerva text-white text-lg mt-10 normal-case\">CeC \u201cdesde cero\u201d desarroll\u00f3 una HERRAMIENTA electr\u00f3nica que integraba la subcontrataci\u00f3n de servicios log\u00edsticos de cumplimiento y atenci\u00f3n al cliente con proveedores externos, incorporando adem\u00e1s servicios de valor agregado relacionados con la gesti\u00f3n de inventario, integraci\u00f3n de pagos, contabilidad y servicios de n\u00f3mina.<\/p><p class=\"minerva text-white text-lg mt-10 normal-case\">La empresa integr\u00f3 sus veintisiete tiendas minoristas de comercio electr\u00f3nico, con un negocio principal de 3PSCM (proveedor externo de gesti\u00f3n de cadena de suministro), y m\u00e1s de cien clientes (corporativos e individuales, mayoristas y minoristas), despachando en promedio cinco mil paquetes por d\u00eda (USPS, UPS, FedEx, DHL), y fue vendida en 2010.<\/p><p class=\"minerva text-white text-lg mt-10 normal-case\">En 2011 se cre\u00f3 AINELY S.A. (Uruguay) para desarrollar software de automatizaci\u00f3n administrativa. Gracias a su red y experiencia, tuvo \u00e9xito automatizando servicios de n\u00f3mina, y en 2017 inici\u00f3 operaciones en Panam\u00e1 bajo el nombre Servicios Log\u00edsticos y Soluciones de Panam\u00e1 S.A., pa\u00eds que ha demostrado ser un entorno favorable para enfocarse en una base global de clientes.<\/p><p class=\"minerva text-white text-lg mt-10 mb-10 normal-case\">La automatizaci\u00f3n es una necesidad absoluta para el crecimiento, y SLS provee soluciones de automatizaci\u00f3n \u201cdesde cero\u201d.<\/p>\t\t\t\t\t\t\t\t<\/div>\n\t\t\t\t<\/div>\n\t\t\t\t\t<\/div>\n\t\t<\/div>\n\t\t\t\t<div class=\"elementor-column elementor-col-50 elementor-top-column elementor-element elementor-element-7eb5b60e\" data-id=\"7eb5b60e\" data-element_type=\"column\" data-e-type=\"column\" data-settings=\"{&quot;background_background&quot;:&quot;classic&quot;}\">\n\t\t\t<div class=\"elementor-widget-wrap elementor-element-populated\">\n\t\t\t\t\t\t<div class=\"elementor-element elementor-element-7caa3f09 elementor-invisible elementor-widget elementor-widget-image\" data-id=\"7caa3f09\" data-element_type=\"widget\" data-e-type=\"widget\" data-settings=\"{&quot;_animation&quot;:&quot;fadeIn&quot;}\" data-widget_type=\"image.default\">\n\t\t\t\t<div class=\"elementor-widget-container\">\n\t\t\t\t\t\t\t\t\t\t\t\t\t\t\t<img decoding=\"async\" src=\"https:\/\/slspanama.com\/wp-content\/uploads\/elementor\/thumbs\/hero-section-37_tag_hero_img-1-r8vrd9dawsrpitubu2ds48kfmzm09dldpfqpbo6z3c.jpg\" title=\"hero-section-37_tag_hero_img\" alt=\"hero-section-37_tag_hero_img\" loading=\"lazy\" \/>\t\t\t\t\t\t\t\t\t\t\t\t\t\t\t<\/div>\n\t\t\t\t<\/div>\n\t\t\t\t\t<\/div>\n\t\t<\/div>\n\t\t\t\t\t<\/div>\n\t\t<\/section>\n\t\t\t\t<section class=\"elementor-section elementor-top-section elementor-element elementor-element-a705e6f elementor-reverse-tablet elementor-reverse-mobile elementor-section-boxed elementor-section-height-default elementor-section-height-default\" data-id=\"a705e6f\" data-element_type=\"section\" data-e-type=\"section\" data-settings=\"{&quot;background_background&quot;:&quot;classic&quot;}\">\n\t\t\t\t\t\t<div class=\"elementor-container elementor-column-gap-default\">\n\t\t\t\t\t<div class=\"elementor-column elementor-col-100 elementor-top-column elementor-element elementor-element-2aeb6c8c\" data-id=\"2aeb6c8c\" data-element_type=\"column\" data-e-type=\"column\">\n\t\t\t<div class=\"elementor-widget-wrap elementor-element-populated\">\n\t\t\t\t\t\t<section class=\"elementor-section elementor-inner-section elementor-element elementor-element-608d6980 elementor-section-boxed elementor-section-height-default elementor-section-height-default\" data-id=\"608d6980\" data-element_type=\"section\" data-e-type=\"section\">\n\t\t\t\t\t\t<div class=\"elementor-container elementor-column-gap-default\">\n\t\t\t\t\t<div class=\"elementor-column elementor-col-50 elementor-inner-column elementor-element elementor-element-5cdac3f5\" data-id=\"5cdac3f5\" data-element_type=\"column\" data-e-type=\"column\" data-settings=\"{&quot;background_background&quot;:&quot;classic&quot;}\">\n\t\t\t<div class=\"elementor-widget-wrap elementor-element-populated\">\n\t\t\t\t\t\t<div class=\"elementor-element elementor-element-6a7a4967 elementor-widget__width-initial elementor-invisible elementor-widget elementor-widget-heading\" data-id=\"6a7a4967\" data-element_type=\"widget\" data-e-type=\"widget\" data-settings=\"{&quot;_animation&quot;:&quot;fadeIn&quot;}\" data-widget_type=\"heading.default\">\n\t\t\t\t<div class=\"elementor-widget-container\">\n\t\t\t\t\t<h3 class=\"elementor-heading-title elementor-size-default\">Experiencia Transfronteriza<\/h3>\t\t\t\t<\/div>\n\t\t\t\t<\/div>\n\t\t\t\t<div class=\"elementor-element elementor-element-76619581 elementor-invisible elementor-widget elementor-widget-text-editor\" data-id=\"76619581\" data-element_type=\"widget\" data-e-type=\"widget\" data-settings=\"{&quot;_animation&quot;:&quot;fadeIn&quot;}\" data-widget_type=\"text-editor.default\">\n\t\t\t\t<div class=\"elementor-widget-container\">\n\t\t\t\t\t\t\t\t\t<p>Conocimiento especializado en operaciones de doble mercado<\/p>\t\t\t\t\t\t\t\t<\/div>\n\t\t\t\t<\/div>\n\t\t\t\t\t<\/div>\n\t\t<\/div>\n\t\t\t\t<div class=\"elementor-column elementor-col-50 elementor-inner-column elementor-element elementor-element-612c09c0\" data-id=\"612c09c0\" data-element_type=\"column\" data-e-type=\"column\" data-settings=\"{&quot;background_background&quot;:&quot;classic&quot;}\">\n\t\t\t<div class=\"elementor-widget-wrap elementor-element-populated\">\n\t\t\t\t\t\t<div class=\"elementor-element elementor-element-66e93d9b elementor-widget__width-initial elementor-invisible elementor-widget elementor-widget-heading\" data-id=\"66e93d9b\" data-element_type=\"widget\" data-e-type=\"widget\" data-settings=\"{&quot;_animation&quot;:&quot;fadeIn&quot;}\" data-widget_type=\"heading.default\">\n\t\t\t\t<div class=\"elementor-widget-container\">\n\t\t\t\t\t<h3 class=\"elementor-heading-title elementor-size-default\">Inteligencia Cultural<\/h3>\t\t\t\t<\/div>\n\t\t\t\t<\/div>\n\t\t\t\t<div class=\"elementor-element elementor-element-1ccbdba elementor-invisible elementor-widget elementor-widget-text-editor\" data-id=\"1ccbdba\" data-element_type=\"widget\" data-e-type=\"widget\" data-settings=\"{&quot;_animation&quot;:&quot;fadeIn&quot;}\" data-widget_type=\"text-editor.default\">\n\t\t\t\t<div class=\"elementor-widget-container\">\n\t\t\t\t\t\t\t\t\t<p>Soluciones personalizadas que respetan las preferencias regionales<\/p>\t\t\t\t\t\t\t\t<\/div>\n\t\t\t\t<\/div>\n\t\t\t\t\t<\/div>\n\t\t<\/div>\n\t\t\t\t\t<\/div>\n\t\t<\/section>\n\t\t\t\t\t<\/div>\n\t\t<\/div>\n\t\t\t\t\t<\/div>\n\t\t<\/section>\n\t\t\t\t<\/div>","protected":false},"excerpt":{"rendered":"<p>Global Connectivity The SLS Story An undocumented worker out of a studio apartment in Hollywood, California, in 2003 started a small E-commerce drop shipping. CeC \u201cfrom the group up\u201d developed an electronic TOOL that integrated the outsourcing to third-party providers the LOGISTICS SERVICES of the Fulfillment, and Customer Service, integrating to value-adding services related to [&hellip;]<\/p>\n","protected":false},"author":1,"featured_media":0,"parent":0,"menu_order":0,"comment_status":"closed","ping_status":"closed","template":"","meta":{"footnotes":""},"class_list":["post-339012","page","type-page","status-publish","hentry"],"_links":{"self":[{"href":"https:\/\/slspanama.com\/es\/wp-json\/wp\/v2\/pages\/339012","targetHints":{"allow":["GET"]}}],"collection":[{"href":"https:\/\/slspanama.com\/es\/wp-json\/wp\/v2\/pages"}],"about":[{"href":"https:\/\/slspanama.com\/es\/wp-json\/wp\/v2\/types\/page"}],"author":[{"embeddable":true,"href":"https:\/\/slspanama.com\/es\/wp-json\/wp\/v2\/users\/1"}],"replies":[{"embeddable":true,"href":"https:\/\/slspanama.com\/es\/wp-json\/wp\/v2\/comments?post=339012"}],"version-history":[{"count":70,"href":"https:\/\/slspanama.com\/es\/wp-json\/wp\/v2\/pages\/339012\/revisions"}],"predecessor-version":[{"id":341284,"href":"https:\/\/slspanama.com\/es\/wp-json\/wp\/v2\/pages\/339012\/revisions\/341284"}],"wp:attachment":[{"href":"https:\/\/slspanama.com\/es\/wp-json\/wp\/v2\/media?parent=339012"}],"curies":[{"name":"wp","href":"https:\/\/api.w.org\/{rel}","templated":true}]}}