{"id":340103,"date":"2024-05-28T15:04:23","date_gmt":"2024-05-28T21:04:23","guid":{"rendered":"https:\/\/localhost\/?page_id=340103"},"modified":"2025-07-21T13:44:15","modified_gmt":"2025-07-21T19:44:15","slug":"refund-policy","status":"publish","type":"page","link":"https:\/\/slspanama.com\/es\/refund-policy\/","title":{"rendered":"Pol\u00edtica de Devoluciones"},"content":{"rendered":"<div data-elementor-type=\"wp-page\" data-elementor-id=\"340103\" class=\"elementor elementor-340103\" data-elementor-post-type=\"page\">\n\t\t\t\t<section class=\"elementor-element elementor-element-640befa6 e-flex e-con-boxed e-con e-parent\" data-id=\"640befa6\" data-element_type=\"container\" data-e-type=\"container\" data-settings=\"{&quot;background_background&quot;:&quot;classic&quot;}\">\n\t\t\t\t\t<div class=\"e-con-inner\">\n\t\t\t\t<div class=\"elementor-element elementor-element-5cfa12aa elementor-invisible elementor-widget elementor-widget-heading\" data-id=\"5cfa12aa\" data-element_type=\"widget\" data-e-type=\"widget\" data-settings=\"{&quot;_animation&quot;:&quot;fadeIn&quot;}\" data-widget_type=\"heading.default\">\n\t\t\t\t<div class=\"elementor-widget-container\">\n\t\t\t\t\t<h2 class=\"elementor-heading-title elementor-size-default\">Pol\u00edtica de Devoluciones<\/h2>\t\t\t\t<\/div>\n\t\t\t\t<\/div>\n\t\t\t\t\t<\/div>\n\t\t\t\t<\/section>\n\t\t<div class=\"elementor-element elementor-element-924754c e-flex e-con-boxed e-con e-parent\" data-id=\"924754c\" data-element_type=\"container\" data-e-type=\"container\" data-settings=\"{&quot;background_background&quot;:&quot;classic&quot;}\">\n\t\t\t\t\t<div class=\"e-con-inner\">\n\t\t<div class=\"elementor-element elementor-element-7a06d53e e-flex e-con-boxed e-con e-child\" data-id=\"7a06d53e\" data-element_type=\"container\" data-e-type=\"container\">\n\t\t\t\t\t<div class=\"e-con-inner\">\n\t\t\t\t<div class=\"elementor-element elementor-element-1a7898cf elementor-invisible elementor-widget elementor-widget-text-editor\" data-id=\"1a7898cf\" data-element_type=\"widget\" data-e-type=\"widget\" data-settings=\"{&quot;_animation&quot;:&quot;fadeIn&quot;}\" data-widget_type=\"text-editor.default\">\n\t\t\t\t<div class=\"elementor-widget-container\">\n\t\t\t\t\t\t\t\t\t<h4 data-start=\"191\" data-end=\"211\">Pol\u00edtica de Devoluciones<\/h4><p data-start=\"212\" data-end=\"243\"><strong data-start=\"212\" data-end=\"243\">\u00daltima actualizaci\u00f3n: 24 de julio de 2024<\/strong><\/p><p data-start=\"245\" data-end=\"398\">SLS Panam\u00e1 se compromete a emitir reembolsos \u00fanicamente en los casos en que la empresa cancele sus servicios sin proporcionar justificaci\u00f3n al cliente. <strong data-start=\"288\" data-end=\"296\">only<\/strong> in cases where the company terminates its services <strong data-start=\"348\" data-end=\"383\">without providing justification<\/strong> to the client.<\/p><p data-start=\"400\" data-end=\"546\">Fuera de esta circunstancia mencionada, ning\u00fan otro escenario otorga al usuario el derecho a solicitar o recibir un reembolso monetario por parte de nuestra organizaci\u00f3n. <strong data-start=\"444\" data-end=\"483\">no other scenario entitles the user<\/strong> to request or receive a monetary refund from our organization.<\/p><p data-start=\"553\" data-end=\"756\">\u00a92025 Todos los derechos reservados \u2014 <em data-start=\"581\" data-end=\"631\">Servicios Log\u00edsticos y Soluciones de Panam\u00e1 S.A.<\/em><br data-start=\"631\" data-end=\"634\" \/><strong data-start=\"634\" data-end=\"693\">SLSPSP, PDC, Piso 13, Obarrio, 56 S, Ciudad de Panam\u00e1, PA<\/strong><br data-start=\"693\" data-end=\"696\" \/><strong data-start=\"696\" data-end=\"706\">Email:<\/strong> <a class=\"cursor-pointer\" rel=\"noopener\" data-start=\"707\" data-end=\"728\">corporate@slsmain.com<\/a><br data-start=\"728\" data-end=\"731\" \/><strong data-start=\"731\" data-end=\"741\">Tel\u00e9fono:<\/strong> +507 8 317 592<\/p>\t\t\t\t\t\t\t\t<\/div>\n\t\t\t\t<\/div>\n\t\t\t\t\t<\/div>\n\t\t\t\t<\/div>\n\t\t\t\t\t<\/div>\n\t\t\t\t<\/div>\n\t\t\t\t<\/div>","protected":false},"excerpt":{"rendered":"<p>Refund Policy Refund Policy Last updated: July 24, 2024 SLS Panam\u00e1 is committed to issuing refunds only in cases where the company terminates its services without providing justification to the client. Outside of the aforementioned circumstance, no other scenario entitles the user to request or receive a monetary refund from our organization. \u00a92025 All rights [&hellip;]<\/p>\n","protected":false},"author":1,"featured_media":0,"parent":0,"menu_order":0,"comment_status":"closed","ping_status":"closed","template":"","meta":{"footnotes":""},"class_list":["post-340103","page","type-page","status-publish","hentry"],"_links":{"self":[{"href":"https:\/\/slspanama.com\/es\/wp-json\/wp\/v2\/pages\/340103","targetHints":{"allow":["GET"]}}],"collection":[{"href":"https:\/\/slspanama.com\/es\/wp-json\/wp\/v2\/pages"}],"about":[{"href":"https:\/\/slspanama.com\/es\/wp-json\/wp\/v2\/types\/page"}],"author":[{"embeddable":true,"href":"https:\/\/slspanama.com\/es\/wp-json\/wp\/v2\/users\/1"}],"replies":[{"embeddable":true,"href":"https:\/\/slspanama.com\/es\/wp-json\/wp\/v2\/comments?post=340103"}],"version-history":[{"count":35,"href":"https:\/\/slspanama.com\/es\/wp-json\/wp\/v2\/pages\/340103\/revisions"}],"predecessor-version":[{"id":341348,"href":"https:\/\/slspanama.com\/es\/wp-json\/wp\/v2\/pages\/340103\/revisions\/341348"}],"wp:attachment":[{"href":"https:\/\/slspanama.com\/es\/wp-json\/wp\/v2\/media?parent=340103"}],"curies":[{"name":"wp","href":"https:\/\/api.w.org\/{rel}","templated":true}]}}