{"id":340110,"date":"2024-05-28T15:10:03","date_gmt":"2024-05-28T21:10:03","guid":{"rendered":"https:\/\/localhost\/?page_id=340110"},"modified":"2025-07-21T12:57:38","modified_gmt":"2025-07-21T18:57:38","slug":"privacy-policies","status":"publish","type":"page","link":"https:\/\/slspanama.com\/es\/privacy-policies\/","title":{"rendered":"Pol\u00edtica de Privacidad"},"content":{"rendered":"<div data-elementor-type=\"wp-page\" data-elementor-id=\"340110\" class=\"elementor elementor-340110\" data-elementor-post-type=\"page\">\n\t\t\t\t<section class=\"elementor-element elementor-element-759028e2 e-flex e-con-boxed e-con e-parent\" data-id=\"759028e2\" data-element_type=\"container\" data-e-type=\"container\" data-settings=\"{&quot;background_background&quot;:&quot;classic&quot;}\">\n\t\t\t\t\t<div class=\"e-con-inner\">\n\t\t\t\t<div class=\"elementor-element elementor-element-3db75c56 elementor-invisible elementor-widget elementor-widget-heading\" data-id=\"3db75c56\" data-element_type=\"widget\" data-e-type=\"widget\" data-settings=\"{&quot;_animation&quot;:&quot;fadeIn&quot;}\" data-widget_type=\"heading.default\">\n\t\t\t\t<div class=\"elementor-widget-container\">\n\t\t\t\t\t<h2 class=\"elementor-heading-title elementor-size-default\">Pol\u00edtica de Privacidad<\/h2>\t\t\t\t<\/div>\n\t\t\t\t<\/div>\n\t\t\t\t\t<\/div>\n\t\t\t\t<\/section>\n\t\t<div class=\"elementor-element elementor-element-9b7dffb e-flex e-con-boxed e-con e-parent\" data-id=\"9b7dffb\" data-element_type=\"container\" data-e-type=\"container\" data-settings=\"{&quot;background_background&quot;:&quot;classic&quot;}\">\n\t\t\t\t\t<div class=\"e-con-inner\">\n\t\t<div class=\"elementor-element elementor-element-6a06f4d5 e-flex e-con-boxed e-con e-child\" data-id=\"6a06f4d5\" data-element_type=\"container\" data-e-type=\"container\">\n\t\t\t\t\t<div class=\"e-con-inner\">\n\t\t\t\t<div class=\"elementor-element elementor-element-5f4ceee2 elementor-invisible elementor-widget elementor-widget-text-editor\" data-id=\"5f4ceee2\" data-element_type=\"widget\" data-e-type=\"widget\" data-settings=\"{&quot;_animation&quot;:&quot;fadeIn&quot;}\" data-widget_type=\"text-editor.default\">\n\t\t\t\t<div class=\"elementor-widget-container\">\n\t\t\t\t\t\t\t\t\t<h4 data-start=\"171\" data-end=\"190\">Aviso de Privacidad<\/h4><p data-start=\"192\" data-end=\"223\"><strong data-start=\"192\" data-end=\"223\">\u00daltima actualizaci\u00f3n: 24 de julio de 2024<\/strong><\/p><p data-start=\"225\" data-end=\"509\">Los datos personales solicitados durante la navegaci\u00f3n en el sitio web de SLS Panam\u00e1 ser\u00e1n tratados conforme a los fines relacionados con el objeto corporativo de la empresa, particularmente para responder consultas recibidas por este canal y enviar informaci\u00f3n relevante mediante boletines por correo electr\u00f3nico.<\/p><p data-start=\"511\" data-end=\"873\">La informaci\u00f3n personal y de contacto recolectada se almacenar\u00e1 en la base de datos de SLS Panam\u00e1 durante la duraci\u00f3n de una relaci\u00f3n contractual o legal con el titular de los datos, y en todo caso por un m\u00e1ximo de 20 a\u00f1os despu\u00e9s de finalizada la relaci\u00f3n, \u00fanicamente con fines de archivo legal, respuesta a autoridades y\/o fines estad\u00edsticos.<\/p><p data-start=\"875\" data-end=\"1229\">Como titular de los datos, tienes derecho a acceder, actualizar y corregir tus datos personales; solicitar la revocaci\u00f3n de la autorizaci\u00f3n y\/o la eliminaci\u00f3n de tus datos cuando el tratamiento no respete derechos constitucionales o legales; y acceder a tus datos de forma gratuita. Para consultas, quejas o reclamos, cont\u00e1ctanos a: corporate@slsmain.com <a class=\"cursor-pointer\" rel=\"noopener\" data-start=\"1207\" data-end=\"1228\">corporate@slsmain.com<\/a>.<\/p><h4 data-start=\"1236\" data-end=\"1250\">Objetivo<\/h4><p data-start=\"1252\" data-end=\"1634\">El prop\u00f3sito de esta Pol\u00edtica de Privacidad es establecer directrices generales para la protecci\u00f3n y tratamiento de datos personales dentro de la empresa, fortaleciendo as\u00ed la confianza entre el Responsable del Tratamiento y los Titulares de los Datos. Tambi\u00e9n informa sobre los fines del tratamiento y posibles transferencias de datos, as\u00ed como los mecanismos para ejercer sus derechos.<\/p><h4 data-start=\"1641\" data-end=\"1651\">Alcance<\/h4><p data-start=\"1653\" data-end=\"1776\">Esta pol\u00edtica aplica a todas las bases de datos y\/o archivos que contengan datos personales tratados por SLS Panam\u00e1, en su calidad de responsable del tratamiento.<\/p><h4 data-start=\"1783\" data-end=\"1811\">Derechos de los Titulares de los Datos<\/h4><p data-start=\"1813\" data-end=\"1901\">Los titulares de datos tienen derecho a lo siguiente, adem\u00e1s de lo establecido por ley:<\/p><ul data-start=\"1903\" data-end=\"2306\"><li data-start=\"1903\" data-end=\"2000\"><p data-start=\"1905\" data-end=\"2000\">Acceder, actualizar y corregir sus datos personales en poder del Responsable o Encargados del Tratamiento.<\/p><\/li><li data-start=\"2001\" data-end=\"2071\"><p data-start=\"2003\" data-end=\"2071\">Solicitar prueba de la autorizaci\u00f3n otorgada, salvo cuando legalmente no se requiera.<\/p><\/li><li data-start=\"2072\" data-end=\"2138\"><p data-start=\"2074\" data-end=\"2138\">Ser informados sobre el uso que se les dar\u00e1 a sus datos personales, previa solicitud.<\/p><\/li><li data-start=\"2139\" data-end=\"2261\"><p data-start=\"2141\" data-end=\"2261\">Revocar la autorizaci\u00f3n y\/o solicitar la supresi\u00f3n de sus datos cuando el tratamiento no respete principios legales o constitucionales.<\/p><\/li><li data-start=\"2262\" data-end=\"2306\"><p data-start=\"2264\" data-end=\"2306\">Acceder gratuitamente a sus datos personales.<\/p><\/li><\/ul><h4 data-start=\"2313\" data-end=\"2351\">Autorizaci\u00f3n del Titular de los Datos<\/h4><p data-start=\"2353\" data-end=\"2506\">SLS Panam\u00e1 recopilar\u00e1 la autorizaci\u00f3n previa e informada del titular, la cual podr\u00e1 ser obtenida por cualquier medio que permita su consulta posterior.<\/p><h4 data-start=\"2513\" data-end=\"2559\">Casos en los que no se Requiere Autorizaci\u00f3n<\/h4><p data-start=\"2561\" data-end=\"2596\">No se requerir\u00e1 autorizaci\u00f3n cuando:<\/p><ul data-start=\"2598\" data-end=\"2943\"><li data-start=\"2598\" data-end=\"2710\"><p data-start=\"2600\" data-end=\"2710\">Los datos sean solicitados por autoridad p\u00fablica o administrativa en ejercicio de sus funciones legales o por orden judicial.<\/p><\/li><li data-start=\"2711\" data-end=\"2742\"><p data-start=\"2713\" data-end=\"2742\">Los datos sean de naturaleza p\u00fablica.<\/p><\/li><li data-start=\"2743\" data-end=\"2808\"><p data-start=\"2745\" data-end=\"2808\">El tratamiento sea necesario por emergencia m\u00e9dica o sanitaria.<\/p><\/li><li data-start=\"2809\" data-end=\"2902\"><p data-start=\"2811\" data-end=\"2902\">El tratamiento est\u00e9 autorizado por ley con fines hist\u00f3ricos, estad\u00edsticos o cient\u00edficos.<\/p><\/li><li data-start=\"2903\" data-end=\"2943\"><p data-start=\"2905\" data-end=\"2943\">Los datos est\u00e9n relacionados con el Registro Civil.<\/p><\/li><\/ul><h4 data-start=\"2950\" data-end=\"2994\">Deberes de SLS Panam\u00e1 como Responsable del Tratamiento<\/h4><p data-start=\"2996\" data-end=\"3069\">SLS Panam\u00e1 cumplir\u00e1 con los siguientes deberes:<\/p><ul data-start=\"3071\" data-end=\"4103\"><li data-start=\"3071\" data-end=\"3160\"><p data-start=\"3073\" data-end=\"3160\">Solicitar y conservar copia de la autorizaci\u00f3n del titular bajo condiciones legales.<\/p><\/li><li data-start=\"3161\" data-end=\"3249\"><p data-start=\"3163\" data-end=\"3249\">Informar adecuadamente al titular sobre la finalidad de la recolecci\u00f3n y sus derechos.<\/p><\/li><li data-start=\"3250\" data-end=\"3365\"><p data-start=\"3252\" data-end=\"3365\">Proteger la informaci\u00f3n con medidas de seguridad necesarias para evitar alteraci\u00f3n, p\u00e9rdida o acceso no autorizado.<\/p><\/li><li data-start=\"3366\" data-end=\"3459\"><p data-start=\"3368\" data-end=\"3459\">Garantizar que los datos entregados a encargados del tratamiento sean precisos, completos, verificables y comprensibles.<\/p><\/li><li data-start=\"3460\" data-end=\"3536\"><p data-start=\"3462\" data-end=\"3536\">Actualizar la informaci\u00f3n y notificar a los encargados sobre cualquier cambio.<\/p><\/li><li data-start=\"3537\" data-end=\"3602\"><p data-start=\"3539\" data-end=\"3602\">Corregir los datos inexactos y comunicar los cambios a los encargados.<\/p><\/li><li data-start=\"3603\" data-end=\"3684\"><p data-start=\"3605\" data-end=\"3684\">Entregar a los encargados \u00fanicamente los datos autorizados por ley.<\/p><\/li><li data-start=\"3685\" data-end=\"3773\"><p data-start=\"3687\" data-end=\"3773\">Exigir a los encargados respeto por la confidencialidad y seguridad de la informaci\u00f3n.<\/p><\/li><li data-start=\"3774\" data-end=\"3857\"><p data-start=\"3776\" data-end=\"3857\">Adoptar un manual interno de pol\u00edticas para garantizar el cumplimiento legal.<\/p><\/li><li data-start=\"3858\" data-end=\"3929\"><p data-start=\"3860\" data-end=\"3929\">Informar a los encargados cuando los datos est\u00e9n en disputa por parte del titular.<\/p><\/li><li data-start=\"3930\" data-end=\"3999\"><p data-start=\"3932\" data-end=\"3999\">Informar al titular sobre el uso de sus datos previa solicitud.<\/p><\/li><li data-start=\"4000\" data-end=\"4103\"><p data-start=\"4002\" data-end=\"4103\">Notificar a la autoridad de protecci\u00f3n de datos sobre cualquier brecha de seguridad que represente riesgos para la gesti\u00f3n de datos.<\/p><\/li><\/ul><h4 data-start=\"4110\" data-end=\"4171\">Transferencia y Transmisi\u00f3n Internacional de Datos Personales<\/h4><p data-start=\"4173\" data-end=\"4429\">Actualmente, SLS Panam\u00e1 no realiza transferencia ni transmisi\u00f3n internacional de datos. En caso de hacerlo en el futuro, requerir\u00e1 la autorizaci\u00f3n expresa e inequ\u00edvoca del titular de los datos y garantizar\u00e1 niveles adecuados de protecci\u00f3n.<\/p><p data-start=\"4431\" data-end=\"4630\">SLS Panam\u00e1 podr\u00e1 transmitir datos internacionalmente sin consentimiento previo, siempre que garantice la seguridad, confidencialidad y cumplimiento normativo.<\/p><h4 data-start=\"4637\" data-end=\"4648\">Menores de Edad<\/h4><p data-start=\"4650\" data-end=\"4882\">SLS Panam\u00e1 no trata directamente datos personales de menores. En caso de recolectarlos, se obtendr\u00e1 autorizaci\u00f3n de tutores legales, asegurando el inter\u00e9s superior y los derechos de ni\u00f1os y adolescentes.<\/p><h4 data-start=\"4889\" data-end=\"4913\">Modificaci\u00f3n de la Pol\u00edtica<\/h4><p data-start=\"4915\" data-end=\"5143\">SLS Panam\u00e1 se reserva el derecho de modificar esta Pol\u00edtica de Privacidad en cualquier momento. Los cambios ser\u00e1n comunicados oportunamente a los titulares mediante los canales de contacto habituales, con al menos diez (10) d\u00edas h\u00e1biles de anticipaci\u00f3n.<\/p><p data-start=\"5145\" data-end=\"5461\">Si un titular no est\u00e1 de acuerdo con la nueva pol\u00edtica y presenta una causa justificada, podr\u00e1 solicitar la eliminaci\u00f3n de sus datos escribiendo a corporate@slsmain.com. No obstante, los titulares no podr\u00e1n solicitar la eliminaci\u00f3n cuando exista una obligaci\u00f3n legal o contractual para conservarlos. <a class=\"cursor-pointer\" rel=\"noopener\" data-start=\"5296\" data-end=\"5317\">corporate@slsmain.com<\/a>. However, data subjects may not request the deletion of their personal data when SLS Panam\u00e1 has a legal or contractual obligation to retain it.<\/p>\t\t\t\t\t\t\t\t<\/div>\n\t\t\t\t<\/div>\n\t\t\t\t\t<\/div>\n\t\t\t\t<\/div>\n\t\t\t\t\t<\/div>\n\t\t\t\t<\/div>\n\t\t\t\t<\/div>","protected":false},"excerpt":{"rendered":"<p>Privacy Policies Privacy Notice Last updated: July 24, 2024 Personal data requested during navigation on the SLS Panam\u00e1 website will be processed in accordance with the purposes related to the company&#8217;s corporate purpose, particularly to respond to inquiries received through this channel and to send relevant information via email newsletters. The personal and contact information [&hellip;]<\/p>\n","protected":false},"author":1,"featured_media":0,"parent":0,"menu_order":0,"comment_status":"closed","ping_status":"closed","template":"","meta":{"footnotes":""},"class_list":["post-340110","page","type-page","status-publish","hentry"],"_links":{"self":[{"href":"https:\/\/slspanama.com\/es\/wp-json\/wp\/v2\/pages\/340110","targetHints":{"allow":["GET"]}}],"collection":[{"href":"https:\/\/slspanama.com\/es\/wp-json\/wp\/v2\/pages"}],"about":[{"href":"https:\/\/slspanama.com\/es\/wp-json\/wp\/v2\/types\/page"}],"author":[{"embeddable":true,"href":"https:\/\/slspanama.com\/es\/wp-json\/wp\/v2\/users\/1"}],"replies":[{"embeddable":true,"href":"https:\/\/slspanama.com\/es\/wp-json\/wp\/v2\/comments?post=340110"}],"version-history":[{"count":32,"href":"https:\/\/slspanama.com\/es\/wp-json\/wp\/v2\/pages\/340110\/revisions"}],"predecessor-version":[{"id":341314,"href":"https:\/\/slspanama.com\/es\/wp-json\/wp\/v2\/pages\/340110\/revisions\/341314"}],"wp:attachment":[{"href":"https:\/\/slspanama.com\/es\/wp-json\/wp\/v2\/media?parent=340110"}],"curies":[{"name":"wp","href":"https:\/\/api.w.org\/{rel}","templated":true}]}}