{"id":340115,"date":"2024-05-28T15:11:15","date_gmt":"2024-05-28T21:11:15","guid":{"rendered":"https:\/\/localhost\/?page_id=340115"},"modified":"2025-07-21T12:56:01","modified_gmt":"2025-07-21T18:56:01","slug":"affiliate-policies","status":"publish","type":"page","link":"https:\/\/slspanama.com\/es\/affiliate-policies\/","title":{"rendered":"Pol\u00edtica de Afiliados"},"content":{"rendered":"<div data-elementor-type=\"wp-page\" data-elementor-id=\"340115\" class=\"elementor elementor-340115\" data-elementor-post-type=\"page\">\n\t\t\t\t<section class=\"elementor-element elementor-element-30634e74 e-flex e-con-boxed e-con e-parent\" data-id=\"30634e74\" data-element_type=\"container\" data-e-type=\"container\" data-settings=\"{&quot;background_background&quot;:&quot;classic&quot;}\">\n\t\t\t\t\t<div class=\"e-con-inner\">\n\t\t\t\t<div class=\"elementor-element elementor-element-1cf0d6c7 elementor-invisible elementor-widget elementor-widget-heading\" data-id=\"1cf0d6c7\" data-element_type=\"widget\" data-e-type=\"widget\" data-settings=\"{&quot;_animation&quot;:&quot;fadeIn&quot;}\" data-widget_type=\"heading.default\">\n\t\t\t\t<div class=\"elementor-widget-container\">\n\t\t\t\t\t<h2 class=\"elementor-heading-title elementor-size-default\">Pol\u00edtica de Afiliados<\/h2>\t\t\t\t<\/div>\n\t\t\t\t<\/div>\n\t\t\t\t\t<\/div>\n\t\t\t\t<\/section>\n\t\t<div class=\"elementor-element elementor-element-78063da7 e-flex e-con-boxed e-con e-parent\" data-id=\"78063da7\" data-element_type=\"container\" data-e-type=\"container\" data-settings=\"{&quot;background_background&quot;:&quot;classic&quot;}\">\n\t\t\t\t\t<div class=\"e-con-inner\">\n\t\t<div class=\"elementor-element elementor-element-3230280f e-flex e-con-boxed e-con e-child\" data-id=\"3230280f\" data-element_type=\"container\" data-e-type=\"container\">\n\t\t\t\t\t<div class=\"e-con-inner\">\n\t\t\t\t<div class=\"elementor-element elementor-element-76a2a38c elementor-invisible elementor-widget elementor-widget-text-editor\" data-id=\"76a2a38c\" data-element_type=\"widget\" data-e-type=\"widget\" data-settings=\"{&quot;_animation&quot;:&quot;fadeIn&quot;}\" data-widget_type=\"text-editor.default\">\n\t\t\t\t<div class=\"elementor-widget-container\">\n\t\t\t\t\t\t\t\t\t<h4 data-start=\"245\" data-end=\"264\">Pol\u00edtica de Afiliados<\/h4><h5 data-start=\"266\" data-end=\"290\">Criterios de Elegibilidad<\/h5><p data-start=\"292\" data-end=\"357\">Para calificar en el Programa de Afiliados de SLS Panam\u00e1, los solicitantes deben:<\/p><ul data-start=\"359\" data-end=\"622\"><li data-start=\"359\" data-end=\"388\"><p data-start=\"361\" data-end=\"388\">Tener al menos 18 a\u00f1os de edad.<\/p><\/li><li data-start=\"389\" data-end=\"483\"><p data-start=\"391\" data-end=\"483\">Ser propietarios y operar un sitio web, blog o perfil en redes sociales leg\u00edtimo con contenido relevante.<\/p><\/li><li data-start=\"484\" data-end=\"536\"><p data-start=\"486\" data-end=\"536\">Cumplir con todas las leyes y regulaciones aplicables.<\/p><\/li><li data-start=\"537\" data-end=\"622\"><p data-start=\"539\" data-end=\"622\">No ser empleado, contratista ni familiar cercano de un empleado de SLS Panam\u00e1.<\/p><\/li><\/ul><h5 data-start=\"624\" data-end=\"661\">Proceso de Registro y Aprobaci\u00f3n<\/h5><p data-start=\"663\" data-end=\"976\">Los afiliados interesados deben completar el formulario de solicitud disponible en el sitio web de SLS Panam\u00e1.<br data-start=\"756\" data-end=\"759\" \/>SLS Panam\u00e1 revisar\u00e1 cada solicitud y notificar\u00e1 la aceptaci\u00f3n o rechazo dentro de los d\u00edas h\u00e1biles establecidos.<br data-start=\"885\" data-end=\"888\" \/>SLS Panam\u00e1 se reserva el derecho de aprobar o rechazar cualquier solicitud a su entera discreci\u00f3n.<\/p><h5 data-start=\"978\" data-end=\"995\">T\u00e9rminos de Pago<\/h5><p data-start=\"997\" data-end=\"1345\">Los afiliados ganar\u00e1n una comisi\u00f3n sobre las ventas calificadas generadas a trav\u00e9s de sus enlaces de afiliado.<br data-start=\"1090\" data-end=\"1093\" \/>Los pagos se emiten mensualmente, siempre que la comisi\u00f3n acumulada alcance el m\u00ednimo establecido.<br data-start=\"1193\" data-end=\"1196\" \/>Si las comisiones no alcanzan el m\u00ednimo, se acumular\u00e1n para el siguiente mes.<br data-start=\"1278\" data-end=\"1281\" \/>Los pagos se realizan mediante los m\u00e9todos establecidos por SLS Panam\u00e1.<\/p><h5 data-start=\"1347\" data-end=\"1366\">C\u00f3digo de Conducta<\/h5><p data-start=\"1368\" data-end=\"1440\">Se espera que los afiliados mantengan altos est\u00e1ndares \u00e9ticos y no deben:<\/p><ul data-start=\"1442\" data-end=\"1693\"><li data-start=\"1442\" data-end=\"1496\"><p data-start=\"1444\" data-end=\"1496\">Usar pr\u00e1cticas publicitarias enga\u00f1osas o fraudulentas.<\/p><\/li><li data-start=\"1497\" data-end=\"1547\"><p data-start=\"1499\" data-end=\"1547\">Enviar spam o correos electr\u00f3nicos no solicitados.<\/p><\/li><li data-start=\"1548\" data-end=\"1642\"><p data-start=\"1550\" data-end=\"1642\">Promocionar servicios de SLS Panam\u00e1 en sitios que contengan contenido ilegal, ofensivo o da\u00f1ino<\/p><\/li><li data-start=\"1643\" data-end=\"1693\"><p data-start=\"1645\" data-end=\"1693\">Usar sus enlaces de afiliado para fines personales.<\/p><\/li><\/ul><h5 data-start=\"1695\" data-end=\"1719\">Gu\u00edas de Marketing<\/h5><p data-start=\"1721\" data-end=\"1902\">Los afiliados pueden utilizar materiales de marketing proporcionados por SLS Panam\u00e1, como banners, textos y gr\u00e1ficos.<br data-start=\"1828\" data-end=\"1831\" \/>No se permite modificar estos materiales. Adem\u00e1s, los afiliados no deben:<\/p><ul data-start=\"1904\" data-end=\"2183\"><li data-start=\"1904\" data-end=\"1985\"><p data-start=\"1906\" data-end=\"1985\">Hacer afirmaciones falsas o infundadas sobre los productos o servicios de SLS Panam\u00e1.<\/p><\/li><li data-start=\"1986\" data-end=\"2098\"><p data-start=\"1988\" data-end=\"2098\">Usar el nombre o marca de SLS Panam\u00e1 en campa\u00f1as de pago por clic sin autorizaci\u00f3n previa.<\/p><\/li><li data-start=\"2099\" data-end=\"2183\"><p data-start=\"2101\" data-end=\"2183\">Anunciar servicios de SLS Panam\u00e1 en sitios con contenido inapropiado u ofensivo.<\/p><\/li><\/ul><h5 data-start=\"2185\" data-end=\"2210\">Propiedad Intelectual<\/h5><p data-start=\"2212\" data-end=\"2508\">Los afiliados reciben una licencia no exclusiva e intransferible para usar marcas, logotipos y materiales promocionales de SLS Panam\u00e1 \u00fanicamente con fines de promoci\u00f3n.<br data-start=\"2396\" data-end=\"2399\" \/>No se permite usar dicha propiedad intelectual de forma que da\u00f1e la reputaci\u00f3n de la empresa.<\/p><h5 data-start=\"2510\" data-end=\"2532\">Cl\u00e1usula de Terminaci\u00f3n<\/h5><p data-start=\"2534\" data-end=\"2891\">Cualquiera de las partes puede terminar este acuerdo de afiliaci\u00f3n en cualquier momento, con o sin causa, mediante notificaci\u00f3n escrita.<br data-start=\"2669\" data-end=\"2672\" \/>Al finalizar, el afiliado deber\u00e1 cesar inmediatamente todo uso de materiales de marketing y propiedad intelectual de SLS Panam\u00e1.<br data-start=\"2791\" data-end=\"2794\" \/>Cualquier comisi\u00f3n no pagada antes de la terminaci\u00f3n ser\u00e1 abonada conforme a los t\u00e9rminos establecidos.<\/p><h5 data-start=\"2893\" data-end=\"2918\">Modificaci\u00f3n de T\u00e9rminos<\/h5><p data-start=\"2920\" data-end=\"3208\">SLS Panam\u00e1 se reserva el derecho de modificar esta pol\u00edtica en cualquier momento.<br data-start=\"3007\" data-end=\"3010\" \/>Los afiliados ser\u00e1n notificados de cualquier cambio por correo electr\u00f3nico o a trav\u00e9s del panel de afiliados.<br data-start=\"3098\" data-end=\"3101\" \/>Continuar en el programa despu\u00e9s de los cambios implica aceptaci\u00f3n de los nuevos t\u00e9rminos.<\/p><h5 data-start=\"3210\" data-end=\"3237\">Limitaci\u00f3n de Responsabilidad<\/h5><p data-start=\"3239\" data-end=\"3576\">SLS Panam\u00e1 no ser\u00e1 responsable por da\u00f1os indirectos, especiales o consecuentes (incluida la p\u00e9rdida de ingresos o beneficios) derivados del acuerdo o programa de afiliados.<br data-start=\"3434\" data-end=\"3437\" \/>La responsabilidad total de SLS Panam\u00e1 no exceder\u00e1 el monto total de comisiones pagadas al afiliado bajo este acuerdo.<\/p><h5 data-start=\"3578\" data-end=\"3595\">Legislaci\u00f3n Aplicable<\/h5><p data-start=\"3597\" data-end=\"3850\">Este acuerdo de afiliaci\u00f3n se regir\u00e1 e interpretar\u00e1 conforme a la legislaci\u00f3n aplicable, sin considerar conflictos de principios legales.<br data-start=\"3737\" data-end=\"3740\" \/>Cualquier disputa se resolver\u00e1 exclusivamente en los tribunales competentes.<\/p><h5 data-start=\"3852\" data-end=\"3875\">Informaci\u00f3n de Contacto<\/h5><p data-start=\"3877\" data-end=\"4001\">Si tienes preguntas o inquietudes sobre esta pol\u00edtica o el Programa de Afiliados de SLS Panam\u00e1, cont\u00e1ctanos a:<\/p><p data-start=\"4003\" data-end=\"4139\"><strong data-start=\"4003\" data-end=\"4017\">SLS Panam\u00e1<\/strong><br data-start=\"4017\" data-end=\"4020\" \/><strong>Email:<\/strong> <a class=\"cursor-pointer\" rel=\"noopener\" data-start=\"4027\" data-end=\"4048\">corporate@slsmain.com<\/a><br data-start=\"4048\" data-end=\"4051\" \/><strong>Tel\u00e9fono:<\/strong> +507 8 317 592<br data-start=\"4072\" data-end=\"4075\" \/><strong>Direcci\u00f3n:<\/strong> SLSPSP, PDC, Piso 13, Obarrio, 56 S, Ciudad de Panam\u00e1, PA<\/p><p data-start=\"4141\" data-end=\"4219\">\u00a92025 Todos los derechos reservados \u2014 <em data-start=\"4169\" data-end=\"4219\">Servicios Log\u00edsticos y Soluciones de Panam\u00e1 S.A.<\/em><\/p>\t\t\t\t\t\t\t\t<\/div>\n\t\t\t\t<\/div>\n\t\t\t\t\t<\/div>\n\t\t\t\t<\/div>\n\t\t\t\t\t<\/div>\n\t\t\t\t<\/div>\n\t\t\t\t<\/div>","protected":false},"excerpt":{"rendered":"<p>Affiliate Policy Affiliate Policy Eligibility Criteria To qualify for the SLS Panam\u00e1 Affiliate Program, applicants must: Be at least 18 years old. Own and operate a legitimate website, blog, or social media profile with relevant content. Comply with all applicable laws and regulations. Not be a current employee, contractor, or close relative of an SLS [&hellip;]<\/p>\n","protected":false},"author":1,"featured_media":0,"parent":0,"menu_order":0,"comment_status":"closed","ping_status":"closed","template":"","meta":{"footnotes":""},"class_list":["post-340115","page","type-page","status-publish","hentry"],"_links":{"self":[{"href":"https:\/\/slspanama.com\/es\/wp-json\/wp\/v2\/pages\/340115","targetHints":{"allow":["GET"]}}],"collection":[{"href":"https:\/\/slspanama.com\/es\/wp-json\/wp\/v2\/pages"}],"about":[{"href":"https:\/\/slspanama.com\/es\/wp-json\/wp\/v2\/types\/page"}],"author":[{"embeddable":true,"href":"https:\/\/slspanama.com\/es\/wp-json\/wp\/v2\/users\/1"}],"replies":[{"embeddable":true,"href":"https:\/\/slspanama.com\/es\/wp-json\/wp\/v2\/comments?post=340115"}],"version-history":[{"count":26,"href":"https:\/\/slspanama.com\/es\/wp-json\/wp\/v2\/pages\/340115\/revisions"}],"predecessor-version":[{"id":341317,"href":"https:\/\/slspanama.com\/es\/wp-json\/wp\/v2\/pages\/340115\/revisions\/341317"}],"wp:attachment":[{"href":"https:\/\/slspanama.com\/es\/wp-json\/wp\/v2\/media?parent=340115"}],"curies":[{"name":"wp","href":"https:\/\/api.w.org\/{rel}","templated":true}]}}