{"id":341349,"date":"2025-07-21T13:45:39","date_gmt":"2025-07-21T19:45:39","guid":{"rendered":"https:\/\/slspanama.com\/?page_id=341349"},"modified":"2025-07-21T13:48:23","modified_gmt":"2025-07-21T19:48:23","slug":"delivery-policy","status":"publish","type":"page","link":"https:\/\/slspanama.com\/es\/delivery-policy\/","title":{"rendered":"Pol\u00edtica de Entregas"},"content":{"rendered":"<div data-elementor-type=\"wp-page\" data-elementor-id=\"341349\" class=\"elementor elementor-341349\" data-elementor-post-type=\"page\">\n\t\t\t\t<section class=\"elementor-element elementor-element-640befa6 e-flex e-con-boxed e-con e-parent\" data-id=\"640befa6\" data-element_type=\"container\" data-e-type=\"container\" data-settings=\"{&quot;background_background&quot;:&quot;classic&quot;}\">\n\t\t\t\t\t<div class=\"e-con-inner\">\n\t\t\t\t<div class=\"elementor-element elementor-element-5cfa12aa elementor-invisible elementor-widget elementor-widget-heading\" data-id=\"5cfa12aa\" data-element_type=\"widget\" data-e-type=\"widget\" data-settings=\"{&quot;_animation&quot;:&quot;fadeIn&quot;}\" data-widget_type=\"heading.default\">\n\t\t\t\t<div class=\"elementor-widget-container\">\n\t\t\t\t\t<h2 class=\"elementor-heading-title elementor-size-default\">Pol\u00edtica de Entregas<\/h2>\t\t\t\t<\/div>\n\t\t\t\t<\/div>\n\t\t\t\t\t<\/div>\n\t\t\t\t<\/section>\n\t\t<div class=\"elementor-element elementor-element-924754c e-flex e-con-boxed e-con e-parent\" data-id=\"924754c\" data-element_type=\"container\" data-e-type=\"container\" data-settings=\"{&quot;background_background&quot;:&quot;classic&quot;}\">\n\t\t\t\t\t<div class=\"e-con-inner\">\n\t\t<div class=\"elementor-element elementor-element-7a06d53e e-flex e-con-boxed e-con e-child\" data-id=\"7a06d53e\" data-element_type=\"container\" data-e-type=\"container\">\n\t\t\t\t\t<div class=\"e-con-inner\">\n\t\t\t\t<div class=\"elementor-element elementor-element-1a7898cf elementor-invisible elementor-widget elementor-widget-text-editor\" data-id=\"1a7898cf\" data-element_type=\"widget\" data-e-type=\"widget\" data-settings=\"{&quot;_animation&quot;:&quot;fadeIn&quot;}\" data-widget_type=\"text-editor.default\">\n\t\t\t\t<div class=\"elementor-widget-container\">\n\t\t\t\t\t\t\t\t\t<h4 data-start=\"156\" data-end=\"180\"><strong data-start=\"159\" data-end=\"178\">Pol\u00edtica de Entregas<\/strong><\/h4><p data-start=\"181\" data-end=\"212\"><strong data-start=\"181\" data-end=\"212\">\u00daltima actualizaci\u00f3n: 24 de julio de 2024<\/strong><\/p><p data-start=\"214\" data-end=\"450\">SLS Panam\u00e1 (Servicios Log\u00edsticos y Soluciones de Panam\u00e1 S.A.) establece la presente Pol\u00edtica de Entregas para garantizar claridad y transparencia en los plazos, m\u00e9todos y condiciones de entrega de sus servicios y\/o productos digitales.<\/p><h5 data-start=\"452\" data-end=\"479\"><strong data-start=\"456\" data-end=\"477\">Alcance de la Entrega<\/strong><\/h5><p data-start=\"480\" data-end=\"621\">Esta pol\u00edtica aplica a todos los servicios contratados y productos digitales adquiridos a trav\u00e9s de nuestro sitio web oficial o por medio de canales autorizados de SLS Panam\u00e1.<\/p><h5 data-start=\"623\" data-end=\"651\"><strong data-start=\"627\" data-end=\"649\">Tiempo de Entrega<\/strong><\/h5><ul data-start=\"652\" data-end=\"1033\"><li data-start=\"652\" data-end=\"788\"><p data-start=\"654\" data-end=\"788\">Los servicios digitales y credenciales de acceso se entregar\u00e1n v\u00eda electr\u00f3nica dentro de un plazo m\u00e1ximo de 3 a 5 d\u00edas h\u00e1biles posteriores a la confirmaci\u00f3n del pago. <strong data-start=\"734\" data-end=\"758\">3 to 5 business days<\/strong> after payment confirmation.<\/p><\/li><li data-start=\"789\" data-end=\"929\"><p data-start=\"791\" data-end=\"929\">En caso de servicios personalizados o configuraciones especiales, el tiempo estimado de entrega ser\u00e1 comunicado por escrito al cliente al momento de la contrataci\u00f3n.<\/p><\/li><li data-start=\"930\" data-end=\"1033\"><p data-start=\"932\" data-end=\"1033\">En caso de demoras, el cliente ser\u00e1 notificado oportunamente mediante los medios de contacto registrados.<\/p><\/li><\/ul><h5 data-start=\"1035\" data-end=\"1061\"><strong data-start=\"1039\" data-end=\"1059\">Medios de Entrega<\/strong><\/h5><ul data-start=\"1062\" data-end=\"1291\"><li data-start=\"1062\" data-end=\"1193\"><p data-start=\"1064\" data-end=\"1193\">Todas las entregas se realizar\u00e1n a trav\u00e9s de medios digitales, como correo electr\u00f3nico, plataformas web seguras, paneles de usuario o enlaces exclusivos de acceso.<\/p><\/li><li data-start=\"1194\" data-end=\"1291\"><p data-start=\"1196\" data-end=\"1291\">No se realizan env\u00edos f\u00edsicos, a menos que se especifique lo contrario en un contrato o acuerdo formal.<\/p><\/li><\/ul><h5 data-start=\"1293\" data-end=\"1324\"><strong data-start=\"1297\" data-end=\"1322\">Confirmaci\u00f3n de Entrega<\/strong><\/h5><p data-start=\"1325\" data-end=\"1532\">Una vez entregado el servicio o producto digital, el cliente recibir\u00e1 una notificaci\u00f3n de confirmaci\u00f3n. Se considerar\u00e1 la entrega como completada en el momento en que el sistema registre el acceso o la disponibilidad del recurso para el usuario.<\/p><h5 data-start=\"1534\" data-end=\"1572\"><strong data-start=\"1538\" data-end=\"1570\">Errores o Incidentes en la Entrega<\/strong><\/h5><p data-start=\"1573\" data-end=\"1790\">En caso de error t\u00e9cnico, env\u00edo a una direcci\u00f3n incorrecta o falta de acceso, el cliente deber\u00e1 notificarlo dentro de las primeras 48 horas h\u00e1biles posteriores a la entrega estimada, escribiendo a corporate@slsmain.com para su pronta resoluci\u00f3n. <strong data-start=\"1688\" data-end=\"1709\">48 business hours<\/strong> of the estimated delivery, by emailing <strong data-start=\"1749\" data-end=\"1774\"><a class=\"cursor-pointer\" rel=\"noopener\" data-start=\"1751\" data-end=\"1772\">corporate@slsmain.com<\/a><\/strong> for resolution.<\/p><h5 data-start=\"1792\" data-end=\"1836\"><strong data-start=\"1796\" data-end=\"1834\">Fuerza Mayor y Causas Externas<\/strong><\/h5><p data-start=\"1837\" data-end=\"2045\">SLS Panam\u00e1 no se hace responsable por retrasos causados por eventos de fuerza mayor, fallos en servicios de terceros o interrupciones ajenas a nuestra gesti\u00f3n directa. No obstante, se har\u00e1 todo lo posible por restablecer la entrega en el menor tiempo posible.<\/p><p data-start=\"553\" data-end=\"756\">\u00a92025 Todos los derechos reservados \u2014 <em data-start=\"581\" data-end=\"631\">Servicios Log\u00edsticos y Soluciones de Panam\u00e1 S.A.<\/em><br data-start=\"631\" data-end=\"634\" \/><strong data-start=\"634\" data-end=\"693\">SLSPSP, PDC, Piso 13, Obarrio, 56 S, Ciudad de Panam\u00e1, PA<\/strong><br data-start=\"693\" data-end=\"696\" \/><strong data-start=\"696\" data-end=\"706\">Email:<\/strong> <a class=\"cursor-pointer\" rel=\"noopener\" data-start=\"707\" data-end=\"728\">corporate@slsmain.com<\/a><br data-start=\"728\" data-end=\"731\" \/><strong data-start=\"731\" data-end=\"741\">Tel\u00e9fono:<\/strong> +507 8 317 592<\/p>\t\t\t\t\t\t\t\t<\/div>\n\t\t\t\t<\/div>\n\t\t\t\t\t<\/div>\n\t\t\t\t<\/div>\n\t\t\t\t\t<\/div>\n\t\t\t\t<\/div>\n\t\t\t\t<\/div>","protected":false},"excerpt":{"rendered":"<p>Delivery Policy Delivery Policy Last updated: July 24, 2024 SLS Panam\u00e1 (Servicios Log\u00edsticos y Soluciones de Panam\u00e1 S.A.) sets forth this Delivery Policy to ensure clarity and transparency regarding the timeframes, methods, and conditions for the delivery of its services and\/or digital products. Scope of Delivery This policy applies to all services contracted and digital [&hellip;]<\/p>\n","protected":false},"author":1,"featured_media":0,"parent":0,"menu_order":0,"comment_status":"closed","ping_status":"closed","template":"","meta":{"footnotes":""},"class_list":["post-341349","page","type-page","status-publish","hentry"],"_links":{"self":[{"href":"https:\/\/slspanama.com\/es\/wp-json\/wp\/v2\/pages\/341349","targetHints":{"allow":["GET"]}}],"collection":[{"href":"https:\/\/slspanama.com\/es\/wp-json\/wp\/v2\/pages"}],"about":[{"href":"https:\/\/slspanama.com\/es\/wp-json\/wp\/v2\/types\/page"}],"author":[{"embeddable":true,"href":"https:\/\/slspanama.com\/es\/wp-json\/wp\/v2\/users\/1"}],"replies":[{"embeddable":true,"href":"https:\/\/slspanama.com\/es\/wp-json\/wp\/v2\/comments?post=341349"}],"version-history":[{"count":7,"href":"https:\/\/slspanama.com\/es\/wp-json\/wp\/v2\/pages\/341349\/revisions"}],"predecessor-version":[{"id":341356,"href":"https:\/\/slspanama.com\/es\/wp-json\/wp\/v2\/pages\/341349\/revisions\/341356"}],"wp:attachment":[{"href":"https:\/\/slspanama.com\/es\/wp-json\/wp\/v2\/media?parent=341349"}],"curies":[{"name":"wp","href":"https:\/\/api.w.org\/{rel}","templated":true}]}}